{"id":3386,"date":"2023-09-14T13:11:24","date_gmt":"2023-09-14T13:11:24","guid":{"rendered":"https:\/\/www.grupoconectar.com\/?page_id=3386"},"modified":"2025-08-05T21:16:11","modified_gmt":"2025-08-05T21:16:11","slug":"telecomunicaciones","status":"publish","type":"page","link":"https:\/\/www.grupoconectar.com\/en\/telecomunicaciones\/","title":{"rendered":"Telecommunications"},"content":{"rendered":"<div data-elementor-type=\"wp-page\" data-elementor-id=\"3386\" class=\"elementor elementor-3386\" data-elementor-post-type=\"page\">\n\t\t\t\t\t\t<section class=\"elementor-section elementor-top-section elementor-element elementor-element-fc6c0cf elementor-section-height-min-height elementor-section-stretched elementor-section-full_width elementor-section-height-default elementor-section-items-middle\" data-id=\"fc6c0cf\" data-element_type=\"section\" data-settings=\"{&quot;stretch_section&quot;:&quot;section-stretched&quot;,&quot;background_background&quot;:&quot;classic&quot;}\">\n\t\t\t\t\t\t\t<div class=\"elementor-background-overlay\"><\/div>\n\t\t\t\t\t\t\t<div class=\"elementor-container elementor-column-gap-default\">\n\t\t\t\t\t<div class=\"elementor-column elementor-col-100 elementor-top-column elementor-element elementor-element-2ae8723\" data-id=\"2ae8723\" data-element_type=\"column\">\n\t\t\t<div class=\"elementor-widget-wrap elementor-element-populated\">\n\t\t\t\t\t\t<div class=\"elementor-element elementor-element-d316060 elementor-widget elementor-widget-heading\" data-id=\"d316060\" data-element_type=\"widget\" data-widget_type=\"heading.default\">\n\t\t\t\t<div class=\"elementor-widget-container\">\n\t\t\t\t\t<h2 class=\"elementor-heading-title elementor-size-default\">Telecommunications<\/h2>\t\t\t\t<\/div>\n\t\t\t\t<\/div>\n\t\t\t\t<div class=\"elementor-element elementor-element-4b0ab76 elementor-widget-divider--view-line elementor-widget elementor-widget-divider\" data-id=\"4b0ab76\" data-element_type=\"widget\" data-widget_type=\"divider.default\">\n\t\t\t\t<div class=\"elementor-widget-container\">\n\t\t\t\t\t\t\t<div class=\"elementor-divider\">\n\t\t\t<span class=\"elementor-divider-separator\">\n\t\t\t\t\t\t<\/span>\n\t\t<\/div>\n\t\t\t\t\t\t<\/div>\n\t\t\t\t<\/div>\n\t\t\t\t\t<\/div>\n\t\t<\/div>\n\t\t\t\t\t<\/div>\n\t\t<\/section>\n\t\t\t\t<section class=\"elementor-section elementor-top-section elementor-element elementor-element-18e99d5 elementor-section-height-min-height elementor-section-stretched elementor-section-boxed elementor-section-height-default elementor-section-items-middle\" data-id=\"18e99d5\" data-element_type=\"section\" data-settings=\"{&quot;stretch_section&quot;:&quot;section-stretched&quot;,&quot;background_background&quot;:&quot;classic&quot;}\">\n\t\t\t\t\t\t<div class=\"elementor-container elementor-column-gap-default\">\n\t\t\t\t\t<div class=\"elementor-column elementor-col-100 elementor-top-column elementor-element elementor-element-9f652e4\" data-id=\"9f652e4\" data-element_type=\"column\">\n\t\t\t<div class=\"elementor-widget-wrap elementor-element-populated\">\n\t\t\t\t\t\t<div class=\"elementor-element elementor-element-cc1bd98 elementor-widget__width-auto elementor-widget elementor-widget-text-editor\" data-id=\"cc1bd98\" data-element_type=\"widget\" data-widget_type=\"text-editor.default\">\n\t\t\t\t<div class=\"elementor-widget-container\">\n\t\t\t\t\t\t\t\t\t<p><span lang=\"ES-MX\" style=\"color: #57574e;\">With proven and extensive experience in the electrical sector, GRUPO CONECTAR specializes in the design and implementation of telecommunications services for both outdoor facilities and data centers.<\/span><\/p><p><span lang=\"ES-MX\" style=\"color: #57574e;\">Our main goal is to deliver comprehensive solutions to our clients, supporting every stage of the process \u2014 from service implementation to final installation.\u00a0<\/span><span style=\"color: #57574e; font-size: 1em; letter-spacing: 0.02em;\">We stand out by offering some of the most competitive conditions in the market, with an unwavering commitment to excellence in every detail. Our aim is to be the strategic partner our clients can rely on in the fast-paced and ever-evolving world of telecommunications.<\/span><\/p>\t\t\t\t\t\t\t\t<\/div>\n\t\t\t\t<\/div>\n\t\t\t\t\t<\/div>\n\t\t<\/div>\n\t\t\t\t\t<\/div>\n\t\t<\/section>\n\t\t\t\t<section class=\"elementor-section elementor-top-section elementor-element elementor-element-848fa78 elementor-section-height-min-height elementor-section-stretched elementor-section-items-top elementor-section-boxed elementor-section-height-default\" data-id=\"848fa78\" data-element_type=\"section\" data-settings=\"{&quot;stretch_section&quot;:&quot;section-stretched&quot;,&quot;background_background&quot;:&quot;classic&quot;}\">\n\t\t\t\t\t\t<div class=\"elementor-container elementor-column-gap-default\">\n\t\t\t\t\t<div class=\"elementor-column elementor-col-50 elementor-top-column elementor-element elementor-element-3ed09f3\" data-id=\"3ed09f3\" data-element_type=\"column\">\n\t\t\t<div class=\"elementor-widget-wrap elementor-element-populated\">\n\t\t\t\t\t\t<div class=\"elementor-element elementor-element-4c2677e elementor-widget elementor-widget-counter\" data-id=\"4c2677e\" data-element_type=\"widget\" data-widget_type=\"counter.default\">\n\t\t\t\t<div class=\"elementor-widget-container\">\n\t\t\t\t\t\t\t<div class=\"elementor-counter\">\n\t\t\t\t\t\t<div class=\"elementor-counter-number-wrapper\">\n\t\t\t\t<span class=\"elementor-counter-number-prefix\">+<\/span>\n\t\t\t\t<span class=\"elementor-counter-number\" data-duration=\"2000\" data-to-value=\"25000\" data-from-value=\"0\" data-delimiter=\",\">0<\/span>\n\t\t\t\t<span class=\"elementor-counter-number-suffix\">  km<\/span>\n\t\t\t<\/div>\n\t\t<\/div>\n\t\t\t\t\t\t<\/div>\n\t\t\t\t<\/div>\n\t\t\t\t<div class=\"elementor-element elementor-element-8bf5dff elementor-view-default elementor-position-top elementor-mobile-position-top elementor-widget elementor-widget-icon-box\" data-id=\"8bf5dff\" data-element_type=\"widget\" data-widget_type=\"icon-box.default\">\n\t\t\t\t<div class=\"elementor-widget-container\">\n\t\t\t\t\t\t\t<div class=\"elementor-icon-box-wrapper\">\n\n\t\t\t\t\t\t<div class=\"elementor-icon-box-icon\">\n\t\t\t\t<span  class=\"elementor-icon\">\n\t\t\t\t<i aria-hidden=\"true\" class=\"fas fa-check-circle\"><\/i>\t\t\t\t<\/span>\n\t\t\t<\/div>\n\t\t\t\n\t\t\t\t\t\t<div class=\"elementor-icon-box-content\">\n\n\t\t\t\t\n\t\t\t\t\t\t\t\t\t<p class=\"elementor-icon-box-description\">\n\t\t\t\t\t\tLaying trunk lines around Argentina\t\t\t\t\t<\/p>\n\t\t\t\t\n\t\t\t<\/div>\n\t\t\t\n\t\t<\/div>\n\t\t\t\t\t\t<\/div>\n\t\t\t\t<\/div>\n\t\t\t\t\t<\/div>\n\t\t<\/div>\n\t\t\t\t<div class=\"elementor-column elementor-col-50 elementor-top-column elementor-element elementor-element-7337996\" data-id=\"7337996\" data-element_type=\"column\">\n\t\t\t<div class=\"elementor-widget-wrap elementor-element-populated\">\n\t\t\t\t\t\t<div class=\"elementor-element elementor-element-a17becb elementor-widget elementor-widget-counter\" data-id=\"a17becb\" data-element_type=\"widget\" data-widget_type=\"counter.default\">\n\t\t\t\t<div class=\"elementor-widget-container\">\n\t\t\t\t\t\t\t<div class=\"elementor-counter\">\n\t\t\t\t\t\t<div class=\"elementor-counter-number-wrapper\">\n\t\t\t\t<span class=\"elementor-counter-number-prefix\">+<\/span>\n\t\t\t\t<span class=\"elementor-counter-number\" data-duration=\"2000\" data-to-value=\"4000\" data-from-value=\"0\" data-delimiter=\",\">0<\/span>\n\t\t\t\t<span class=\"elementor-counter-number-suffix\"><\/span>\n\t\t\t<\/div>\n\t\t<\/div>\n\t\t\t\t\t\t<\/div>\n\t\t\t\t<\/div>\n\t\t\t\t<div class=\"elementor-element elementor-element-9ad9109 elementor-view-default elementor-position-top elementor-mobile-position-top elementor-widget elementor-widget-icon-box\" data-id=\"9ad9109\" data-element_type=\"widget\" data-widget_type=\"icon-box.default\">\n\t\t\t\t<div class=\"elementor-widget-container\">\n\t\t\t\t\t\t\t<div class=\"elementor-icon-box-wrapper\">\n\n\t\t\t\t\t\t<div class=\"elementor-icon-box-icon\">\n\t\t\t\t<span  class=\"elementor-icon\">\n\t\t\t\t<i aria-hidden=\"true\" class=\"fas fa-check-circle\"><\/i>\t\t\t\t<\/span>\n\t\t\t<\/div>\n\t\t\t\n\t\t\t\t\t\t<div class=\"elementor-icon-box-content\">\n\n\t\t\t\t\n\t\t\t\t\t\t\t\t\t<p class=\"elementor-icon-box-description\">\n\t\t\t\t\t\tPoles changed and installed in the province of Cordoba\t\t\t\t\t<\/p>\n\t\t\t\t\n\t\t\t<\/div>\n\t\t\t\n\t\t<\/div>\n\t\t\t\t\t\t<\/div>\n\t\t\t\t<\/div>\n\t\t\t\t\t<\/div>\n\t\t<\/div>\n\t\t\t\t\t<\/div>\n\t\t<\/section>\n\t\t\t\t<section class=\"elementor-section elementor-top-section elementor-element elementor-element-9fdc1b1 elementor-section-boxed elementor-section-height-default elementor-section-height-default\" data-id=\"9fdc1b1\" data-element_type=\"section\">\n\t\t\t\t\t\t<div class=\"elementor-container elementor-column-gap-default\">\n\t\t\t\t\t<div class=\"elementor-column elementor-col-100 elementor-top-column elementor-element elementor-element-4ceb9b0\" data-id=\"4ceb9b0\" data-element_type=\"column\">\n\t\t\t<div class=\"elementor-widget-wrap elementor-element-populated\">\n\t\t\t\t\t\t<div class=\"elementor-element elementor-element-44d580f elementor-widget__width-auto elementor-widget elementor-widget-text-editor\" data-id=\"44d580f\" data-element_type=\"widget\" data-widget_type=\"text-editor.default\">\n\t\t\t\t<div class=\"elementor-widget-container\">\n\t\t\t\t\t\t\t\t\t<p><span lang=\"ES-MX\" style=\"color: #57574e;\">As for the services for outdoor facilities, we work in:<\/span><\/p><p style=\"text-indent: -18.0pt; mso-list: l1 level1 lfo1; border: none; mso-padding-alt: 31.0pt 31.0pt 31.0pt 31.0pt; mso-border-shadow: yes; margin: 0cm 0cm 0cm 36.0pt;\"><!-- [if !supportLists]--><span lang=\"ES-MX\" style=\"font-family: 'Noto Sans Symbols'; mso-fareast-font-family: 'Noto Sans Symbols'; mso-bidi-font-family: 'Noto Sans Symbols'; color: #57574e;\">\u25cf<span style=\"font-variant-numeric: normal; font-variant-east-asian: normal; font-variant-alternates: normal; font-kerning: auto; font-optical-sizing: auto; font-feature-settings: normal; font-variation-settings: normal; font-variant-position: normal; font-stretch: normal; font-size: 7pt; line-height: normal; font-family: 'Times New Roman';\">\u00a0\u00a0\u00a0\u00a0\u00a0 <\/span><\/span><!--[endif]--><span lang=\"ES-MX\" style=\"color: #57574e;\">Design and deployment of trunk lines, both aerial and underground.<\/span><\/p><p style=\"text-indent: -18.0pt; mso-list: l1 level1 lfo1; border: none; mso-padding-alt: 31.0pt 31.0pt 31.0pt 31.0pt; mso-border-shadow: yes; margin: 0cm 0cm 0cm 36.0pt;\"><!-- [if !supportLists]--><span lang=\"ES-MX\" style=\"font-family: 'Noto Sans Symbols'; mso-fareast-font-family: 'Noto Sans Symbols'; mso-bidi-font-family: 'Noto Sans Symbols'; color: #57574e;\">\u25cf<span style=\"font-variant-numeric: normal; font-variant-east-asian: normal; font-variant-alternates: normal; font-kerning: auto; font-optical-sizing: auto; font-feature-settings: normal; font-variation-settings: normal; font-variant-position: normal; font-stretch: normal; font-size: 7pt; line-height: normal; font-family: 'Times New Roman';\">\u00a0\u00a0\u00a0\u00a0\u00a0 <\/span><\/span><!--[endif]--><span lang=\"ES-MX\" style=\"color: #57574e;\">Design of last-mile solutions, including the implementation of active equipment for corporate clients.<\/span><\/p><p style=\"text-indent: -18.0pt; mso-list: l1 level1 lfo1; border: none; mso-padding-alt: 31.0pt 31.0pt 31.0pt 31.0pt; mso-border-shadow: yes; margin: 0cm 0cm 0cm 36.0pt;\"><!-- [if !supportLists]--><span lang=\"ES-MX\" style=\"font-family: 'Noto Sans Symbols'; mso-fareast-font-family: 'Noto Sans Symbols'; mso-bidi-font-family: 'Noto Sans Symbols'; color: #57574e;\">\u25cf<span style=\"font-variant-numeric: normal; font-variant-east-asian: normal; font-variant-alternates: normal; font-kerning: auto; font-optical-sizing: auto; font-feature-settings: normal; font-variation-settings: normal; font-variant-position: normal; font-stretch: normal; font-size: 7pt; line-height: normal; font-family: 'Times New Roman';\">\u00a0\u00a0\u00a0\u00a0\u00a0 <\/span><\/span><!--[endif]--><span lang=\"ES-MX\" style=\"color: #57574e;\">Design and deployment of FTTH (Fiber to the Home), both aerial and underground.<\/span><\/p><p style=\"margin-left: 36.0pt; text-indent: -18.0pt; mso-list: l1 level1 lfo1; border: none; mso-padding-alt: 31.0pt 31.0pt 31.0pt 31.0pt; mso-border-shadow: yes;\"><!-- [if !supportLists]--><span lang=\"ES-MX\" style=\"font-family: 'Noto Sans Symbols'; mso-fareast-font-family: 'Noto Sans Symbols'; mso-bidi-font-family: 'Noto Sans Symbols'; color: #57574e;\">\u25cf<span style=\"font-variant-numeric: normal; font-variant-east-asian: normal; font-variant-alternates: normal; font-kerning: auto; font-optical-sizing: auto; font-feature-settings: normal; font-variation-settings: normal; font-variant-position: normal; font-stretch: normal; font-size: 7pt; line-height: normal; font-family: 'Times New Roman';\">\u00a0\u00a0\u00a0\u00a0\u00a0 <\/span><\/span><!--[endif]--><span lang=\"ES-MX\" style=\"color: #57574e;\">Design, installation, maintenance, and replacement of utility poles.<\/span><\/p><p><span lang=\"ES-MX\" style=\"color: #57574e;\">For data center operations, we handle all the necessary processes to activate the service and ensure energy security:<\/span><\/p><p style=\"text-indent: -18.0pt; mso-list: l0 level1 lfo2; border: none; mso-padding-alt: 31.0pt 31.0pt 31.0pt 31.0pt; mso-border-shadow: yes; margin: 0cm 0cm 0cm 36.0pt;\"><!-- [if !supportLists]--><span lang=\"ES-MX\" style=\"font-family: 'Noto Sans Symbols'; mso-fareast-font-family: 'Noto Sans Symbols'; mso-bidi-font-family: 'Noto Sans Symbols'; color: #57574e;\">\u25cf<span style=\"font-variant-numeric: normal; font-variant-east-asian: normal; font-variant-alternates: normal; font-kerning: auto; font-optical-sizing: auto; font-feature-settings: normal; font-variation-settings: normal; font-variant-position: normal; font-stretch: normal; font-size: 7pt; line-height: normal; font-family: 'Times New Roman';\">\u00a0\u00a0\u00a0\u00a0\u00a0 <\/span><\/span><!--[endif]--><span lang=\"ES-MX\" style=\"color: #57574e;\">Installation of power systems (rectifiers and UPS).<\/span><\/p><p style=\"text-indent: -18.0pt; mso-list: l0 level1 lfo2; border: none; mso-padding-alt: 31.0pt 31.0pt 31.0pt 31.0pt; mso-border-shadow: yes; margin: 0cm 0cm 0cm 36.0pt;\"><!-- [if !supportLists]--><span lang=\"ES-MX\" style=\"font-family: 'Noto Sans Symbols'; mso-fareast-font-family: 'Noto Sans Symbols'; mso-bidi-font-family: 'Noto Sans Symbols'; color: #57574e;\">\u25cf<span style=\"font-variant-numeric: normal; font-variant-east-asian: normal; font-variant-alternates: normal; font-kerning: auto; font-optical-sizing: auto; font-feature-settings: normal; font-variation-settings: normal; font-variant-position: normal; font-stretch: normal; font-size: 7pt; line-height: normal; font-family: 'Times New Roman';\">\u00a0\u00a0\u00a0\u00a0\u00a0 <\/span><\/span><!--[endif]--><span lang=\"ES-MX\" style=\"color: #57574e;\">Deployment of active equipment for security and data transport.<\/span><\/p><p style=\"text-indent: -18.0pt; mso-list: l0 level1 lfo2; border: none; mso-padding-alt: 31.0pt 31.0pt 31.0pt 31.0pt; mso-border-shadow: yes; margin: 0cm 0cm 0cm 36.0pt;\"><!-- [if !supportLists]--><span lang=\"ES-MX\" style=\"font-family: 'Noto Sans Symbols'; mso-fareast-font-family: 'Noto Sans Symbols'; mso-bidi-font-family: 'Noto Sans Symbols'; color: #57574e;\">\u25cf<span style=\"font-variant-numeric: normal; font-variant-east-asian: normal; font-variant-alternates: normal; font-kerning: auto; font-optical-sizing: auto; font-feature-settings: normal; font-variation-settings: normal; font-variant-position: normal; font-stretch: normal; font-size: 7pt; line-height: normal; font-family: 'Times New Roman';\">\u00a0\u00a0\u00a0\u00a0\u00a0 <\/span><\/span><!--[endif]--><span lang=\"ES-MX\" style=\"color: #57574e;\">Installation of wireless links for backbone or last-mile connectivity.<\/span><\/p><p style=\"text-indent: -18.0pt; mso-list: l0 level1 lfo2; border: none; mso-padding-alt: 31.0pt 31.0pt 31.0pt 31.0pt; mso-border-shadow: yes; margin: 0cm 0cm 0cm 36.0pt;\"><span lang=\"ES-MX\" style=\"text-indent: -18pt; font-size: 1em; background-color: var(--colorlight); letter-spacing: 0.02em; font-family: 'Noto Sans Symbols'; color: #57574e;\">\u25cf<span style=\"font-variant-numeric: normal; font-variant-east-asian: normal; font-variant-alternates: normal; font-kerning: auto; font-optical-sizing: auto; font-feature-settings: normal; font-variation-settings: normal; font-variant-position: normal; font-stretch: normal; font-size: 7pt; line-height: normal; font-family: 'Times New Roman';\">\u00a0\u00a0\u00a0\u00a0\u00a0 <\/span><\/span><span lang=\"ES-MX\" style=\"text-indent: -18pt; font-size: 1em; background-color: var(--colorlight); letter-spacing: 0.02em; color: #57574e;\">Implementation of virtualization and monitoring platforms.<\/span><\/p>\t\t\t\t\t\t\t\t<\/div>\n\t\t\t\t<\/div>\n\t\t\t\t\t<\/div>\n\t\t<\/div>\n\t\t\t\t\t<\/div>\n\t\t<\/section>\n\t\t\t\t<\/div>","protected":false},"excerpt":{"rendered":"<p>Telecomunicaciones Con experiencia comprobable y extensa en el \u00e1mbito el\u00e9ctrico, nos especializamos en dise\u00f1ar e implementar servicios de telecomunicaciones tanto para plantel exterior como para data centers. Nuestro prop\u00f3sito principal<span class=\"more-dots\">&#8230;<\/span><\/p>","protected":false},"author":6,"featured_media":0,"parent":0,"menu_order":0,"comment_status":"closed","ping_status":"closed","template":"","meta":{"footnotes":""},"class_list":["post-3386","page","type-page","status-publish","hentry","no-post-thumbnail"],"_links":{"self":[{"href":"https:\/\/www.grupoconectar.com\/en\/wp-json\/wp\/v2\/pages\/3386","targetHints":{"allow":["GET"]}}],"collection":[{"href":"https:\/\/www.grupoconectar.com\/en\/wp-json\/wp\/v2\/pages"}],"about":[{"href":"https:\/\/www.grupoconectar.com\/en\/wp-json\/wp\/v2\/types\/page"}],"author":[{"embeddable":true,"href":"https:\/\/www.grupoconectar.com\/en\/wp-json\/wp\/v2\/users\/6"}],"replies":[{"embeddable":true,"href":"https:\/\/www.grupoconectar.com\/en\/wp-json\/wp\/v2\/comments?post=3386"}],"version-history":[{"count":94,"href":"https:\/\/www.grupoconectar.com\/en\/wp-json\/wp\/v2\/pages\/3386\/revisions"}],"predecessor-version":[{"id":5514,"href":"https:\/\/www.grupoconectar.com\/en\/wp-json\/wp\/v2\/pages\/3386\/revisions\/5514"}],"wp:attachment":[{"href":"https:\/\/www.grupoconectar.com\/en\/wp-json\/wp\/v2\/media?parent=3386"}],"curies":[{"name":"wp","href":"https:\/\/api.w.org\/{rel}","templated":true}]}}